{"id":63582,"date":"2026-04-05T17:25:09","date_gmt":"2026-04-05T15:25:09","guid":{"rendered":"https:\/\/villasyfincasmallorca.com\/?page_id=63582"},"modified":"2026-04-05T17:27:50","modified_gmt":"2026-04-05T15:27:50","slug":"immobilien-im-suedosten-mallorcas-kaufen-dein-ratgeber","status":"publish","type":"page","link":"https:\/\/villasyfincasmallorca.com\/de\/immobilien-im-suedosten-mallorcas-kaufen-dein-ratgeber\/","title":{"rendered":"Immobilien im S\u00fcdosten Mallorcas kaufen: Dein Ratgeber"},"content":{"rendered":"<p>[vc_row][vc_column][vc_column_text]<strong>Du spielst mit dem Gedanken, eine Immobilie im S\u00fcdosten von Mallorca zu kaufen? Dann bist du hier richtig.<\/strong> Wir sind keine Agentur in Palma, die dir den S\u00fcden vom Schreibtisch aus erkl\u00e4rt. Wir sitzen seit 2010 permanent in Ses Salines \u2014 mitten im Dorf, direkt gegen\u00fcber vom Coworking in der Calle Joan March. In 20 Jahren im Immobiliengesch\u00e4ft haben wir jede Phase des Marktes miterlebt, jeden B\u00fcrokratie-Albtraum gel\u00f6st und Hunderte von K\u00e4ufern pers\u00f6nlich begleitet.<\/p>\n<p>Dieser Ratgeber ist kein Verkaufsprospekt. Hier findest du ehrliche Antworten auf die Fragen, die sich deutsche K\u00e4ufer wirklich stellen \u2014 von der Infrastruktur in Ses Salines bis zu den versteckten Kosten beim Finca-Kauf. Keine juristischen Ratschl\u00e4ge, keine unrealistischen Versprechen. Daf\u00fcr das Wissen von jemandem, der jeden Nachbarn kennt und jeden Winter hier verbracht hat.<\/p>\n<p>W\u00e4hle das Thema, das dich gerade besch\u00e4ftigt:<\/p>\n<p>&nbsp;<\/p>\n<p>[\/vc_column_text][vc_wp_search title=&#8220;Durchsuche unseren Ratgeber&#8220;][vc_basic_grid post_type=&#8220;post&#8220; max_items=&#8220;10&#8243; grid_id=&#8220;vc_gid:1775402569324-9b4e6f6e-481e-4&#8243;][\/vc_column][\/vc_row]<\/p>\n","protected":false},"excerpt":{"rendered":"<p>[vc_row][vc_column][vc_column_text]Du spielst mit dem Gedanken, eine Immobilie im S\u00fcdosten von Mallorca zu kaufen? Dann bist du hier richtig. Wir sind keine Agentur in Palma, die dir den S\u00fcden vom Schreibtisch aus erkl\u00e4rt. Wir sitzen seit 2010 permanent in Ses Salines \u2014 mitten im Dorf, direkt gegen\u00fcber vom Coworking in der Calle Joan March. In 20 [&hellip;]<\/p>\n","protected":false},"author":1,"featured_media":63543,"parent":0,"menu_order":0,"comment_status":"closed","ping_status":"closed","template":"","meta":{"_themeisle_gutenberg_block_has_review":false,"footnotes":""},"class_list":["post-63582","page","type-page","status-publish","has-post-thumbnail","hentry"],"_links":{"self":[{"href":"https:\/\/villasyfincasmallorca.com\/de\/wp-json\/wp\/v2\/pages\/63582","targetHints":{"allow":["GET"]}}],"collection":[{"href":"https:\/\/villasyfincasmallorca.com\/de\/wp-json\/wp\/v2\/pages"}],"about":[{"href":"https:\/\/villasyfincasmallorca.com\/de\/wp-json\/wp\/v2\/types\/page"}],"author":[{"embeddable":true,"href":"https:\/\/villasyfincasmallorca.com\/de\/wp-json\/wp\/v2\/users\/1"}],"replies":[{"embeddable":true,"href":"https:\/\/villasyfincasmallorca.com\/de\/wp-json\/wp\/v2\/comments?post=63582"}],"version-history":[{"count":4,"href":"https:\/\/villasyfincasmallorca.com\/de\/wp-json\/wp\/v2\/pages\/63582\/revisions"}],"predecessor-version":[{"id":63587,"href":"https:\/\/villasyfincasmallorca.com\/de\/wp-json\/wp\/v2\/pages\/63582\/revisions\/63587"}],"wp:featuredmedia":[{"embeddable":true,"href":"https:\/\/villasyfincasmallorca.com\/de\/wp-json\/wp\/v2\/media\/63543"}],"wp:attachment":[{"href":"https:\/\/villasyfincasmallorca.com\/de\/wp-json\/wp\/v2\/media?parent=63582"}],"curies":[{"name":"wp","href":"https:\/\/api.w.org\/{rel}","templated":true}]}}