{"id":3603,"date":"2017-12-24T11:21:56","date_gmt":"2017-12-24T11:21:56","guid":{"rendered":"http:\/\/villasyfincasmallorca.com\/?page_id=3603"},"modified":"2026-03-08T12:21:59","modified_gmt":"2026-03-08T11:21:59","slug":"kontakt","status":"publish","type":"page","link":"https:\/\/villasyfincasmallorca.com\/de\/kontakt\/","title":{"rendered":"Kontakt"},"content":{"rendered":"<p>[vc_row][vc_column offset=&#8220;vc_col-md-6&#8243;][vc_column_text]<iframe loading=\"lazy\" style=\"border: 0;\" src=\"https:\/\/www.google.com\/maps\/embed?pb=!1m18!1m12!1m3!1d385.7198521101438!2d3.0509208603424165!3d39.33904958180704!2m3!1f0!2f0!3f0!3m2!1i1024!2i768!4f13.1!3m3!1m2!1s0x0%3A0x9854f5ee0ac5595!2sVillas+y+Fincas+Mallorca!5e0!3m2!1ses!2ses!4v1532588315679\" width=\"600\" height=\"450\" frameborder=\"0\" allowfullscreen=\"allowfullscreen\"><\/iframe>[\/vc_column_text][g5plus_space desktop=&#8220;90&#8243; tablet=&#8220;70&#8243; tablet_portrait=&#8220;60&#8243; mobile_landscape=&#8220;50&#8243; mobile=&#8220;40&#8243;][g5plus_heading layout_style=&#8220;style2&#8243; title=&#8220;Senden Sie uns eine Nachricht&#8220; css=&#8220;.vc_custom_1514114389027{margin-bottom: 30px !important;}&#8220;][g5plus_icon_box layout_style=&#8220;layout-left&#8220; icon_font=&#8220;icon-location22&#8243; title=&#8220;B\u00fcro&#8220; description=&#8220;Unser B\u00fcro befindet sich in Ses Salines, einer charmanten Stadt im S\u00fcdosten von Mallorca. Wenn Sie uns besuchen m\u00f6chten, senden Sie uns bitte eine E-Mail und wir reservieren einen Tag und eine Zeit f\u00fcr Sie. In unserem B\u00fcro nehmen wir nur nach Vereinbarung teil, um Ihnen den bestm\u00f6glichen Service zu bieten und die Zeit zu widmen, die Sie verdienen.<\/p>\n<p>Joan March, 2 Bajos (07640 &#8211; Ses Salines)&#8220; css=&#8220;.vc_custom_1772968917271{margin-bottom: 50px !important;}&#8220;][g5plus_icon_box layout_style=&#8220;layout-left&#8220; icon_font=&#8220;fa fa-phone&#8220; title=&#8220;Telefon&#8220; description=&#8220;Sie k\u00f6nnen uns unter erreichen +34 971 641 758&#8243; css=&#8220;.vc_custom_1514114462990{margin-bottom: 50px !important;}&#8220;][g5plus_icon_box layout_style=&#8220;layout-left&#8220; icon_font=&#8220;icon-mail-envelope-open2&#8243; title=&#8220;E-mail&#8220; description=&#8220;Wenn Sie m\u00f6chten, k\u00f6nnen Sie eine E-Mail an &#x69;&#110;&#x66;&#x6f;&#64;&#x76;&#105;l&#x6c;&#97;s&#x79;&#102;&#x69;&#x6e;c&#x61;&#115;m&#x61;&#108;l&#x6f;&#114;&#x63;&#x61;&#46;&#x63;&#x6f;m schreiben&#8220; css=&#8220;.vc_custom_1514114483395{margin-bottom: 50px !important;}&#8220;][\/vc_column][vc_column][g5plus_space desktop=&#8220;80&#8243; tablet=&#8220;60&#8243; tablet_portrait=&#8220;40&#8243; mobile_landscape=&#8220;40&#8243; mobile=&#8220;40&#8243;][\/vc_column][\/vc_row][vc_row css=&#8220;.vc_custom_1487304786882{margin-bottom: 100px !important;}&#8220;][vc_column width=&#8220;1\/2&#8243;][g5plus_heading layout_style=&#8220;style2&#8243; title=&#8220;Senden Sie uns eine Nachricht&#8220; css=&#8220;.vc_custom_1514114500476{margin-bottom: 37px !important;}&#8220;]\n<div class=\"wpcf7 no-js\" id=\"wpcf7-f3599-o1\" lang=\"en-US\" dir=\"ltr\" data-wpcf7-id=\"3599\">\n<div class=\"screen-reader-response\"><p role=\"status\" aria-live=\"polite\" aria-atomic=\"true\"><\/p> <ul><\/ul><\/div>\n<form action=\"\/de\/wp-json\/wp\/v2\/pages\/3603#wpcf7-f3599-o1\" method=\"post\" class=\"wpcf7-form init\" aria-label=\"Contact form\" novalidate=\"novalidate\" data-status=\"init\">\n<fieldset class=\"hidden-fields-container\"><input type=\"hidden\" name=\"_wpcf7\" value=\"3599\" \/><input type=\"hidden\" name=\"_wpcf7_version\" value=\"6.1.5\" \/><input type=\"hidden\" name=\"_wpcf7_locale\" value=\"en_US\" \/><input type=\"hidden\" name=\"_wpcf7_unit_tag\" value=\"wpcf7-f3599-o1\" \/><input type=\"hidden\" name=\"_wpcf7_container_post\" value=\"0\" \/><input type=\"hidden\" name=\"_wpcf7_posted_data_hash\" value=\"\" \/>\n<\/fieldset>\n<p><span class=\"wpcf7-form-control-wrap kc_captcha\" data-name=\"kc_captcha\"><span class=\"wpcf7-form-control wpcf7-radio\"><span class=\"captcha-image\" ><span class=\"cf7ic_instructions\">Please prove you are human by selecting the<span> cup<\/span>.<\/span><label><input aria-label=\"1\" type=\"radio\" name=\"kc_captcha\" value=\"bot\" \/><svg aria-hidden=\"true\" role=\"img\" xmlns=\"http:\/\/www.w3.org\/2000\/svg\" viewBox=\"0 0 512 512\"><path fill=\"currentColor\" d=\"M500 168h-55l-8-21a127 127 0 00-120-83H195a127 127 0 00-120 83l-8 21H12c-8 0-14 8-11 16l8 24a12 12 0 0011 8h29a64 64 0 00-33 56v48c0 16 6 31 16 42v62c0 13 11 24 24 24h48c13 0 24-11 24-24v-40h256v40c0 13 11 24 24 24h48c13 0 24-11 24-24v-62c10-11 16-26 16-42v-48c0-24-13-45-33-56h29a12 12 0 0011-8l8-24c3-8-3-16-11-16zm-365 2c9-25 33-42 60-42h122c27 0 51 17 60 42l15 38H120l15-38zM88 328a32 32 0 010-64c18 0 48 30 48 48s-30 16-48 16zm336 0c-18 0-48 2-48-16s30-48 48-48 32 14 32 32-14 32-32 32z\"\/><\/svg><\/label><label><input aria-label=\"2\" type=\"radio\" name=\"kc_captcha\" value=\"kc_human\" \/><svg aria-hidden=\"true\" role=\"img\" xmlns=\"http:\/\/www.w3.org\/2000\/svg\" viewBox=\"0 0 640 512\"><path fill=\"currentColor\" d=\"M192 384h192c53 0 96-43 96-96h32a128 128 0 000-256H120c-13 0-24 11-24 24v232c0 53 43 96 96 96zM512 96a64 64 0 010 128h-32V96h32zm48 384H48c-47 0-61-64-36-64h584c25 0 11 64-36 64z\"\/><\/svg><\/label><label><input aria-label=\"3\" type=\"radio\" name=\"kc_captcha\" value=\"bot\" \/><svg aria-hidden=\"true\" role=\"img\" xmlns=\"http:\/\/www.w3.org\/2000\/svg\" viewBox=\"0 0 640 512\"><path fill=\"currentColor\" d=\"M624 352h-16V244c0-13-5-25-14-34L494 110c-9-9-21-14-34-14h-44V48c0-26-21-48-48-48H48C22 0 0 22 0 48v320c0 27 22 48 48 48h16a96 96 0 00192 0h128a96 96 0 00192 0h48c9 0 16-7 16-16v-32c0-9-7-16-16-16zM160 464a48 48 0 110-96 48 48 0 010 96zm320 0a48 48 0 110-96 48 48 0 010 96zm80-208H416V144h44l100 100v12z\"\/><\/svg><\/label>\r\n    <\/span>\r\n    <span style=\"display:none\">\r\n        <input type=\"text\" name=\"kc_honeypot\">\r\n    <\/span><\/span><\/span>\n<\/p>\n<div class=\"g5plus-contact-form column-3 row text-center\">\n\t<div class=\"col-md-4 col-sm-12 col-xs-12\">\n\t\t<p><span class=\"wpcf7-form-control-wrap\" data-name=\"your-name\"><input size=\"40\" maxlength=\"400\" class=\"wpcf7-form-control wpcf7-text\" aria-invalid=\"false\" placeholder=\"Name und Nachname\" value=\"\" type=\"text\" name=\"your-name\" \/><\/span>\n\t\t<\/p>\n\t<\/div>\n\t<div class=\"col-md-4 col-sm-12 col-xs-12\">\n\t\t<p><span class=\"wpcf7-form-control-wrap\" data-name=\"your-email\"><input size=\"40\" maxlength=\"400\" class=\"wpcf7-form-control wpcf7-email wpcf7-validates-as-required wpcf7-text wpcf7-validates-as-email\" aria-required=\"true\" aria-invalid=\"false\" placeholder=\"Email\" value=\"\" type=\"email\" name=\"your-email\" \/><\/span>\n\t\t<\/p>\n\t<\/div>\n\t<div class=\"col-md-4 col-sm-12 col-xs-12\">\n\t\t<p><span class=\"wpcf7-form-control-wrap\" data-name=\"your-subject\"><input size=\"40\" maxlength=\"400\" class=\"wpcf7-form-control wpcf7-text\" aria-invalid=\"false\" placeholder=\"Thema\" value=\"\" type=\"text\" name=\"your-subject\" \/><\/span>\n\t\t<\/p>\n\t<\/div>\n\t<div class=\"col-xs-12\">\n\t\t<p><span class=\"wpcf7-form-control-wrap\" data-name=\"your-message\"><textarea cols=\"40\" rows=\"10\" maxlength=\"2000\" class=\"wpcf7-form-control wpcf7-textarea\" aria-invalid=\"false\" placeholder=\"Nachricht\" name=\"your-message\"><\/textarea><\/span>\n\t\t<\/p>\n\t<\/div>\n\t<div class=\"col-xs-12\">\n\t\t<p><button type=\"submit\" class=\"btn btn-lg btn-dark btn-classic btn-icon\" ><i class=\"fa fa-paper-plane\"><\/i><span>Senden<\/span><\/button>\n\t\t<\/p>\n\t<\/div>\n<\/div><div class=\"wpcf7-response-output\" aria-hidden=\"true\"><\/div>\n<\/form>\n<\/div>\n[\/vc_column][vc_column width=&#8220;1\/2&#8243;][\/vc_column][\/vc_row]<\/p>\n","protected":false},"excerpt":{"rendered":"<p>[vc_row][vc_column offset=&#8220;vc_col-md-6&#8243;][vc_column_text][\/vc_column_text][g5plus_space desktop=&#8220;90&#8243; tablet=&#8220;70&#8243; tablet_portrait=&#8220;60&#8243; mobile_landscape=&#8220;50&#8243; mobile=&#8220;40&#8243;][g5plus_heading layout_style=&#8220;style2&#8243; title=&#8220;Senden Sie uns eine Nachricht&#8220; css=&#8220;.vc_custom_1514114389027{margin-bottom: 30px !important;}&#8220;][g5plus_icon_box layout_style=&#8220;layout-left&#8220; icon_font=&#8220;icon-location22&#8243; title=&#8220;B\u00fcro&#8220; description=&#8220;Unser B\u00fcro befindet sich in Ses Salines, einer charmanten Stadt im S\u00fcdosten von Mallorca. Wenn Sie uns besuchen m\u00f6chten, senden Sie uns bitte eine E-Mail und wir reservieren einen Tag und eine Zeit f\u00fcr Sie. In [&hellip;]<\/p>\n","protected":false},"author":1,"featured_media":0,"parent":0,"menu_order":0,"comment_status":"closed","ping_status":"closed","template":"","meta":{"_themeisle_gutenberg_block_has_review":false,"footnotes":""},"class_list":["post-3603","page","type-page","status-publish","hentry"],"_links":{"self":[{"href":"https:\/\/villasyfincasmallorca.com\/de\/wp-json\/wp\/v2\/pages\/3603","targetHints":{"allow":["GET"]}}],"collection":[{"href":"https:\/\/villasyfincasmallorca.com\/de\/wp-json\/wp\/v2\/pages"}],"about":[{"href":"https:\/\/villasyfincasmallorca.com\/de\/wp-json\/wp\/v2\/types\/page"}],"author":[{"embeddable":true,"href":"https:\/\/villasyfincasmallorca.com\/de\/wp-json\/wp\/v2\/users\/1"}],"replies":[{"embeddable":true,"href":"https:\/\/villasyfincasmallorca.com\/de\/wp-json\/wp\/v2\/comments?post=3603"}],"version-history":[{"count":10,"href":"https:\/\/villasyfincasmallorca.com\/de\/wp-json\/wp\/v2\/pages\/3603\/revisions"}],"predecessor-version":[{"id":62735,"href":"https:\/\/villasyfincasmallorca.com\/de\/wp-json\/wp\/v2\/pages\/3603\/revisions\/62735"}],"wp:attachment":[{"href":"https:\/\/villasyfincasmallorca.com\/de\/wp-json\/wp\/v2\/media?parent=3603"}],"curies":[{"name":"wp","href":"https:\/\/api.w.org\/{rel}","templated":true}]}}